{"id":2026,"date":"2024-12-01T19:47:11","date_gmt":"2024-12-01T18:47:11","guid":{"rendered":"https:\/\/bluedoggenetics.com\/?page_id=2026"},"modified":"2024-12-02T13:41:19","modified_gmt":"2024-12-02T12:41:19","slug":"bedingungen-und-konditionen","status":"publish","type":"page","link":"https:\/\/bluedoggenetics.com\/de\/bedingungen-und-konditionen\/","title":{"rendered":"Allgemeine Gesch\u00e4ftsbedingungen"},"content":{"rendered":"<h4 class=\"wp-block-heading\"><strong>1. Einf\u00fchrung<\/strong><\/h4><p class=\"translation-block\">Willkommen bei BLUEDOG GENETICS. Durch den Zugriff auf unsere Website (<strong><a href=\"https:\/\/bluedoggenetics.com\/de\/\" target=\"_self\">https:\/\/bluedoggenetics.com<\/a><\/strong>) und den Kauf von Produkten stimmen Sie diesen Gesch\u00e4ftsbedingungen zu. Bitte lesen Sie diese sorgf\u00e4ltig durch, bevor Sie eine Bestellung aufgeben.<\/p><h4 class=\"wp-block-heading\"><strong>2. Gesetzliches Alter<\/strong><\/h4><p>Der Zugriff und der Kauf auf dieser Website sind nur Vollj\u00e4hrigen gem\u00e4\u00df den Gesetzen Ihres Wohnsitzlandes gestattet. Durch die Nutzung unserer Website erkl\u00e4ren Sie, dass Sie mindestens 18 Jahre alt sind (oder das gesetzliche Mindestalter in Ihrer Gerichtsbarkeit erreicht haben).<\/p><h4 class=\"wp-block-heading\"><strong>3. Verwendung der Produkte<\/strong><\/h4><p>Die von uns angebotenen Cannabissamen sind ausschlie\u00dflich f\u00fcr:<\/p><ul class=\"wp-block-list\"><li><strong>Sammlung<\/strong>.<\/li>\n\n<li><strong>Genetische Forschung<\/strong>.<\/li>\n\n<li class=\"translation-block\"><strong>Autorisierte Nutzung<\/strong> gem\u00e4\u00df den lokalen Gesetzen des Kunden.<\/li><\/ul><p class=\"translation-block\"><strong>Hinweis:<\/strong> BLUEDOG GENETICS \u00fcbernimmt keine Verantwortung f\u00fcr den Missbrauch oder die illegale Verwendung der auf unserer Website gekauften Produkte.<\/p><h4 class=\"wp-block-heading\"><strong>4. Produktverf\u00fcgbarkeit<\/strong><\/h4><p>Alle Produkte unterliegen der Verf\u00fcgbarkeit. Wir behalten uns das Recht vor, Produkte ohne vorherige Ank\u00fcndigung aus dem Katalog zu entfernen.<\/p><h4 class=\"wp-block-heading\"><strong>5. Versand und Lieferung<\/strong><\/h4><ul class=\"wp-block-list\"><li>Lieferungen erfolgen international, au\u00dfer bei lokalen gesetzlichen Einschr\u00e4nkungen.<\/li>\n\n<li>Die Lieferzeiten sind gesch\u00e4tzt und k\u00f6nnen je nach Zielort variieren.<\/li>\n\n<li>BLUEDOG GENETICS haftet nicht f\u00fcr Pakete, die von lokalen Beh\u00f6rden aufgrund gesetzlicher Beschr\u00e4nkungen zur\u00fcckgehalten oder beschlagnahmt werden.<\/li><\/ul><h4 class=\"wp-block-heading\"><strong>6. Zahlungen<\/strong><\/h4><ul class=\"wp-block-list\"><li>Wir akzeptieren sichere Zahlungsmethoden, einschlie\u00dflich Kreditkarten und Kryptow\u00e4hrungen (verf\u00fcgbare Methoden angeben).<\/li><\/ul><h4 class=\"wp-block-heading\"><strong>7. R\u00fcckgaberecht<\/strong><\/h4><p>Aufgrund der biologischen Natur der Produkte:<\/p><ul class=\"wp-block-list\"><li>R\u00fccksendungen werden nicht akzeptiert, wenn das Paket ge\u00f6ffnet wurde.<\/li>\n\n<li class=\"translation-block\">Im Falle von Sch\u00e4den oder M\u00e4ngeln w\u00e4hrend des Versands kontaktieren Sie bitte unseren Support innerhalb der ersten <strong>7 Tage<\/strong> nach Erhalt der Bestellung.<\/li><\/ul><h4 class=\"wp-block-heading\"><strong>8. Datenschutz<\/strong><\/h4><p class=\"translation-block\">Ihre Privatsph\u00e4re ist uns wichtig. Bitte lesen Sie unsere <strong><a href=\"https:\/\/bluedoggenetics.com\/de\/privacy-policy\/\" data-type=\"page\" data-id=\"3\" target=\"_self\">Datenschutzrichtlinie<\/a><\/strong>, um zu verstehen, wie wir Ihre pers\u00f6nlichen Daten behandeln.<\/p><h4 class=\"wp-block-heading\"><strong>9. Haftungsbeschr\u00e4nkung<\/strong><\/h4><ul class=\"wp-block-list\"><li>BLUEDOG GENETICS haftet nicht f\u00fcr Verluste oder Sch\u00e4den, die aus der Nutzung dieser Website oder der gekauften Produkte resultieren.<\/li>\n\n<li>Samen werden unter der Bedingung verkauft, dass sie nicht in Regionen gekeimt werden, in denen dies illegal ist.<\/li><\/ul><h4 class=\"wp-block-heading\"><strong>10. \u00c4nderungen der Bedingungen<\/strong><\/h4><p>Wir behalten uns das Recht vor, diese Gesch\u00e4ftsbedingungen jederzeit zu \u00e4ndern. \u00c4nderungen treten in Kraft, sobald sie auf der Website ver\u00f6ffentlicht werden.<\/p><h4 class=\"wp-block-heading\"><strong>11. Kontakt<\/strong><\/h4><p>Wenn Sie Fragen haben oder Unterst\u00fctzung ben\u00f6tigen, k\u00f6nnen Sie uns kontaktieren unter:<\/p><ul class=\"wp-block-list\"><li><strong>E-Mail:<\/strong>&nbsp;<a href=\"mailto:info@bluedoggenetics.com\">info@bluedoggenetics.com<\/a><\/li><\/ul>","protected":false},"excerpt":{"rendered":"<p>1. Introducci\u00f3n Bienvenido a&nbsp;BLUEDOG GENETICS. Al acceder a nuestro sitio web (https:\/\/bluedoggenetics.com) y realizar compras, aceptas cumplir con estos t\u00e9rminos y condiciones. Por favor, l\u00e9elos detenidamente antes de realizar cualquier pedido. 2. Edad Legal El acceso y la compra en este sitio est\u00e1n permitidos \u00fanicamente a mayores de edad seg\u00fan la legislaci\u00f3n de tu pa\u00eds [&hellip;]<\/p>\n","protected":false},"author":1,"featured_media":1765,"parent":0,"menu_order":0,"comment_status":"closed","ping_status":"closed","template":"","meta":{"_acf_changed":false,"inline_featured_image":false,"_wp_applaud_exclude":false,"footnotes":""},"class_list":["post-2026","page","type-page","status-publish","has-post-thumbnail","hentry"],"acf":[],"yoast_head":"<!-- This site is optimized with the Yoast SEO plugin v26.5 - https:\/\/yoast.com\/wordpress\/plugins\/seo\/ -->\n<title>T\u00e9rminos y condiciones - BLUEDOG GENETICS Seeds<\/title>\n<meta name=\"robots\" content=\"index, follow, max-snippet:-1, max-image-preview:large, max-video-preview:-1\" \/>\n<link rel=\"canonical\" href=\"https:\/\/bluedoggenetics.com\/de\/bedingungen-und-konditionen\/\" \/>\n<meta property=\"og:locale\" content=\"de_DE\" \/>\n<meta property=\"og:type\" content=\"article\" \/>\n<meta property=\"og:title\" content=\"T\u00e9rminos y condiciones - BLUEDOG GENETICS Seeds\" \/>\n<meta property=\"og:description\" content=\"1. Introducci\u00f3n Bienvenido a&nbsp;BLUEDOG GENETICS. Al acceder a nuestro sitio web (https:\/\/bluedoggenetics.com) y realizar compras, aceptas cumplir con estos t\u00e9rminos y condiciones. Por favor, l\u00e9elos detenidamente antes de realizar cualquier pedido. 2. Edad Legal El acceso y la compra en este sitio est\u00e1n permitidos \u00fanicamente a mayores de edad seg\u00fan la legislaci\u00f3n de tu pa\u00eds [&hellip;]\" \/>\n<meta property=\"og:url\" content=\"https:\/\/bluedoggenetics.com\/de\/bedingungen-und-konditionen\/\" \/>\n<meta property=\"og:site_name\" content=\"BLUEDOG GENETICS Seeds\" \/>\n<meta property=\"article:modified_time\" content=\"2024-12-02T12:41:19+00:00\" \/>\n<meta property=\"og:image\" content=\"https:\/\/bluedoggenetics.com\/wp-content\/uploads\/2024\/11\/appIcon.png\" \/>\n\t<meta property=\"og:image:width\" content=\"1024\" \/>\n\t<meta property=\"og:image:height\" content=\"1024\" \/>\n\t<meta property=\"og:image:type\" content=\"image\/png\" \/>\n<meta name=\"twitter:card\" content=\"summary_large_image\" \/>\n<meta name=\"twitter:label1\" content=\"Gesch\u00e4tzte Lesezeit\" \/>\n\t<meta name=\"twitter:data1\" content=\"2\u00a0Minuten\" \/>\n<script type=\"application\/ld+json\" class=\"yoast-schema-graph\">{\"@context\":\"https:\/\/schema.org\",\"@graph\":[{\"@type\":\"WebPage\",\"@id\":\"https:\/\/bluedoggenetics.com\/en\/terms-and-conditions\/\",\"url\":\"https:\/\/bluedoggenetics.com\/en\/terms-and-conditions\/\",\"name\":\"T\u00e9rminos y condiciones - BLUEDOG GENETICS Seeds\",\"isPartOf\":{\"@id\":\"https:\/\/bluedoggenetics.com\/de\/#website\"},\"primaryImageOfPage\":{\"@id\":\"https:\/\/bluedoggenetics.com\/en\/terms-and-conditions\/#primaryimage\"},\"image\":{\"@id\":\"https:\/\/bluedoggenetics.com\/en\/terms-and-conditions\/#primaryimage\"},\"thumbnailUrl\":\"https:\/\/bluedoggenetics.com\/wp-content\/uploads\/2024\/11\/appIcon.png\",\"datePublished\":\"2024-12-01T18:47:11+00:00\",\"dateModified\":\"2024-12-02T12:41:19+00:00\",\"breadcrumb\":{\"@id\":\"https:\/\/bluedoggenetics.com\/en\/terms-and-conditions\/#breadcrumb\"},\"inLanguage\":\"de\",\"potentialAction\":[{\"@type\":\"ReadAction\",\"target\":[\"https:\/\/bluedoggenetics.com\/en\/terms-and-conditions\/\"]}]},{\"@type\":\"ImageObject\",\"inLanguage\":\"de\",\"@id\":\"https:\/\/bluedoggenetics.com\/en\/terms-and-conditions\/#primaryimage\",\"url\":\"https:\/\/bluedoggenetics.com\/wp-content\/uploads\/2024\/11\/appIcon.png\",\"contentUrl\":\"https:\/\/bluedoggenetics.com\/wp-content\/uploads\/2024\/11\/appIcon.png\",\"width\":1024,\"height\":1024},{\"@type\":\"BreadcrumbList\",\"@id\":\"https:\/\/bluedoggenetics.com\/en\/terms-and-conditions\/#breadcrumb\",\"itemListElement\":[{\"@type\":\"ListItem\",\"position\":1,\"name\":\"Portada\",\"item\":\"https:\/\/bluedoggenetics.com\/\"},{\"@type\":\"ListItem\",\"position\":2,\"name\":\"T\u00e9rminos y condiciones\"}]},{\"@type\":\"WebSite\",\"@id\":\"https:\/\/bluedoggenetics.com\/de\/#website\",\"url\":\"https:\/\/bluedoggenetics.com\/de\/\",\"name\":\"BLUEDOG GENETICS Seeds\",\"description\":\"Compara y compra las mejores semillas de cannabis. Feminizadas, Autoflorecientes, CBD.\",\"publisher\":{\"@id\":\"https:\/\/bluedoggenetics.com\/de\/#organization\"},\"alternateName\":\"BLUEDOG GENETICS\",\"potentialAction\":[{\"@type\":\"SearchAction\",\"target\":{\"@type\":\"EntryPoint\",\"urlTemplate\":\"https:\/\/bluedoggenetics.com\/de\/?s={search_term_string}\"},\"query-input\":{\"@type\":\"PropertyValueSpecification\",\"valueRequired\":true,\"valueName\":\"search_term_string\"}}],\"inLanguage\":\"de\"},{\"@type\":\"Organization\",\"@id\":\"https:\/\/bluedoggenetics.com\/de\/#organization\",\"name\":\"BLUEDOG GENETICS\",\"url\":\"https:\/\/bluedoggenetics.com\/de\/\",\"logo\":{\"@type\":\"ImageObject\",\"inLanguage\":\"de\",\"@id\":\"https:\/\/bluedoggenetics.com\/de\/#\/schema\/logo\/image\/\",\"url\":\"https:\/\/bluedoggenetics.com\/wp-content\/uploads\/2024\/11\/appIcon.png\",\"contentUrl\":\"https:\/\/bluedoggenetics.com\/wp-content\/uploads\/2024\/11\/appIcon.png\",\"width\":1024,\"height\":1024,\"caption\":\"BLUEDOG GENETICS\"},\"image\":{\"@id\":\"https:\/\/bluedoggenetics.com\/de\/#\/schema\/logo\/image\/\"},\"sameAs\":[\"https:\/\/www.instagram.com\/bluedog.genetics\/\"]}]}<\/script>\n<!-- \/ Yoast SEO plugin. -->","yoast_head_json":{"title":"Allgemeine Gesch\u00e4ftsbedingungen - BLUEDOG GENETICS Seeds","robots":{"index":"index","follow":"follow","max-snippet":"max-snippet:-1","max-image-preview":"max-image-preview:large","max-video-preview":"max-video-preview:-1"},"canonical":"https:\/\/bluedoggenetics.com\/de\/bedingungen-und-konditionen\/","og_locale":"de_DE","og_type":"article","og_title":"T\u00e9rminos y condiciones - BLUEDOG GENETICS Seeds","og_description":"1. Introducci\u00f3n Bienvenido a&nbsp;BLUEDOG GENETICS. Al acceder a nuestro sitio web (https:\/\/bluedoggenetics.com) y realizar compras, aceptas cumplir con estos t\u00e9rminos y condiciones. Por favor, l\u00e9elos detenidamente antes de realizar cualquier pedido. 2. Edad Legal El acceso y la compra en este sitio est\u00e1n permitidos \u00fanicamente a mayores de edad seg\u00fan la legislaci\u00f3n de tu pa\u00eds [&hellip;]","og_url":"https:\/\/bluedoggenetics.com\/de\/bedingungen-und-konditionen\/","og_site_name":"BLUEDOG GENETICS Seeds","article_modified_time":"2024-12-02T12:41:19+00:00","og_image":[{"width":1024,"height":1024,"url":"https:\/\/bluedoggenetics.com\/wp-content\/uploads\/2024\/11\/appIcon.png","type":"image\/png"}],"twitter_card":"summary_large_image","twitter_misc":{"Gesch\u00e4tzte Lesezeit":"2\u00a0Minuten"},"schema":{"@context":"https:\/\/schema.org","@graph":[{"@type":"WebPage","@id":"https:\/\/bluedoggenetics.com\/en\/terms-and-conditions\/","url":"https:\/\/bluedoggenetics.com\/en\/terms-and-conditions\/","name":"Allgemeine Gesch\u00e4ftsbedingungen - BLUEDOG GENETICS Seeds","isPartOf":{"@id":"https:\/\/bluedoggenetics.com\/de\/#website"},"primaryImageOfPage":{"@id":"https:\/\/bluedoggenetics.com\/en\/terms-and-conditions\/#primaryimage"},"image":{"@id":"https:\/\/bluedoggenetics.com\/en\/terms-and-conditions\/#primaryimage"},"thumbnailUrl":"https:\/\/bluedoggenetics.com\/wp-content\/uploads\/2024\/11\/appIcon.png","datePublished":"2024-12-01T18:47:11+00:00","dateModified":"2024-12-02T12:41:19+00:00","breadcrumb":{"@id":"https:\/\/bluedoggenetics.com\/en\/terms-and-conditions\/#breadcrumb"},"inLanguage":"de","potentialAction":[{"@type":"ReadAction","target":["https:\/\/bluedoggenetics.com\/en\/terms-and-conditions\/"]}]},{"@type":"ImageObject","inLanguage":"de","@id":"https:\/\/bluedoggenetics.com\/en\/terms-and-conditions\/#primaryimage","url":"https:\/\/bluedoggenetics.com\/wp-content\/uploads\/2024\/11\/appIcon.png","contentUrl":"https:\/\/bluedoggenetics.com\/wp-content\/uploads\/2024\/11\/appIcon.png","width":1024,"height":1024},{"@type":"BreadcrumbList","@id":"https:\/\/bluedoggenetics.com\/en\/terms-and-conditions\/#breadcrumb","itemListElement":[{"@type":"ListItem","position":1,"name":"Portada","item":"https:\/\/bluedoggenetics.com\/"},{"@type":"ListItem","position":2,"name":"T\u00e9rminos y condiciones"}]},{"@type":"WebSite","@id":"https:\/\/bluedoggenetics.com\/de\/#website","url":"https:\/\/bluedoggenetics.com\/de\/","name":"BLUEDOG GENETICS Seeds","description":"Vergleiche und kaufe die besten Hanfsamen. Feminisiert, Autoflowering, CBD.","publisher":{"@id":"https:\/\/bluedoggenetics.com\/de\/#organization"},"alternateName":"BLUEDOG GENETICS","potentialAction":[{"@type":"SearchAction","target":{"@type":"EntryPoint","urlTemplate":"https:\/\/bluedoggenetics.com\/de\/?s={search_term_string}"},"query-input":{"@type":"PropertyValueSpecification","valueRequired":true,"valueName":"search_term_string"}}],"inLanguage":"de"},{"@type":"Organization","@id":"https:\/\/bluedoggenetics.com\/de\/#organization","name":"BLUEDOG GENETICS","url":"https:\/\/bluedoggenetics.com\/de\/","logo":{"@type":"ImageObject","inLanguage":"de","@id":"https:\/\/bluedoggenetics.com\/de\/#\/schema\/logo\/image\/","url":"https:\/\/bluedoggenetics.com\/wp-content\/uploads\/2024\/11\/appIcon.png","contentUrl":"https:\/\/bluedoggenetics.com\/wp-content\/uploads\/2024\/11\/appIcon.png","width":1024,"height":1024,"caption":"BLUEDOG GENETICS"},"image":{"@id":"https:\/\/bluedoggenetics.com\/de\/#\/schema\/logo\/image\/"},"sameAs":["https:\/\/www.instagram.com\/bluedog.genetics\/"]}]}},"jetpack_sharing_enabled":true,"_links":{"self":[{"href":"https:\/\/bluedoggenetics.com\/de\/wp-json\/wp\/v2\/pages\/2026","targetHints":{"allow":["GET"]}}],"collection":[{"href":"https:\/\/bluedoggenetics.com\/de\/wp-json\/wp\/v2\/pages"}],"about":[{"href":"https:\/\/bluedoggenetics.com\/de\/wp-json\/wp\/v2\/types\/page"}],"author":[{"embeddable":true,"href":"https:\/\/bluedoggenetics.com\/de\/wp-json\/wp\/v2\/users\/1"}],"replies":[{"embeddable":true,"href":"https:\/\/bluedoggenetics.com\/de\/wp-json\/wp\/v2\/comments?post=2026"}],"version-history":[{"count":0,"href":"https:\/\/bluedoggenetics.com\/de\/wp-json\/wp\/v2\/pages\/2026\/revisions"}],"wp:featuredmedia":[{"embeddable":true,"href":"https:\/\/bluedoggenetics.com\/de\/wp-json\/wp\/v2\/media\/1765"}],"wp:attachment":[{"href":"https:\/\/bluedoggenetics.com\/de\/wp-json\/wp\/v2\/media?parent=2026"}],"curies":[{"name":"wp","href":"https:\/\/api.w.org\/{rel}","templated":true}]}}